{"id":216,"date":"2013-01-05T19:02:04","date_gmt":"2013-01-05T18:02:04","guid":{"rendered":"http:\/\/omceoss.org\/wp\/?page_id=216"},"modified":"2024-07-19T12:48:00","modified_gmt":"2024-07-19T10:48:00","slug":"tariffario","status":"publish","type":"page","link":"https:\/\/omceoss.org\/wp\/servizi\/tariffario\/","title":{"rendered":"Tariffario"},"content":{"rendered":"<p><strong><em>Tariffario Minimo Nazionale<br \/>\n<\/em><\/strong>La materia degli Onorari professionali per le prestazioni medico chirurgiche ed odontoiatriche \u00e8&nbsp;stata oggetto di <em>\u201cliberalizzazione\u201d<\/em> ad opera del cosiddetto <em>\u201cDecreto Bersani\u201d, <\/em><em>Legge 248\/2006<\/em>.<br \/>\nDal 2006 il <strong>Tariffario Minimo Nazionale<\/strong> delle prestazioni mediche, cos\u00ec come tutti i tariffari minimi di categoria<strong>,&nbsp;\u00e8 stato abolito<\/strong> con l&#8217;art. 2, lett. A, della Legge 04.08.2006 n. 248, di conversione del D.L. 04.07.2006, n. 223 (c.d. Legge Bersani).<br \/>\nIn precedenza, in forza della Legge 21.02.1963, n. 244 e del D.P.R. 17.02.1992, era previsto&nbsp;un tariffario minimo per le prestazioni, cui i Medici chirurghi e gli Odontoiatri erano tenuti ad attenersi, non potendo praticare tariffe a valori inferiori a quelli previsti dalle citate norme.<br \/>\nCome dato <em>&#8220;storico&#8221;<\/em> si mantiene la pubblicazione del Tariffario completo approvato con D.P.R. 17 febbraio 1992, pubblicato nella Gazzetta Ufficiale n. 128, S.O., del 2 giugno 1992.<br \/>\nSi precisa che sebbene la normativa preveda a tutt\u2019oggi importi espressi in lire, per venire incontro agli iscritti, l\u2019Ente ha provveduto alla conversione degli stessi in euro.<br \/>\nLa conversione effettuata con una semplice operazione matematica non ha alcun valore ufficiale.<\/p>\n<p><a href=\"http:\/\/www.omceoss.org\/DOCUMENTI\/Tariffario%20OMCeO.pdf\"><strong>Tariffario Formato PdfA<\/strong><\/a><\/p>\n<p><strong>Onorario professionale ed equo compenso<\/strong><br \/>\nIn materia di onorario vige il principio generale secondo cui <em>\u201cla misura del compenso deve essere, in ogni caso, adeguata all\u2019importanza dell\u2019opera e al decoro della professione\u201d.<\/em><br \/>\nIl medico \u00e8 tenuto a far conoscere al cittadino l\u2019onorario, che va accettato preventivamente e sottoscritto da entrambi.<br \/>\nIn caso di contenzioso per il pagamento dell\u2019onorario, laddove il compenso non \u00e8 convenuto dalle parti e non pu\u00f2 essere determinato secondo le tariffe o gli usi, ai sensi dell\u2019art. 2233 cc viene determinato in sede giudiziale, sentito il parere dell\u2019Ordine presso il cui Albo \u00e8 iscritto il professionista.<br \/>\nL\u2019articolo 54 del Codice Deontologico impone al professionista di tenere un comportamento chiaro e trasparente fin dall\u2019inizio con l\u2019assistito, per quanto riguarda gli aspetti economici della prestazione, che ben si accorda con la liberalizzazione tariffaria imposta dalla legge n. 248\/2006.<br \/>\nNell\u2019attuale panorama normativo vige ormai il diritto <em>all\u2019Equo compenso<\/em>, definito <strong>dall\u2019articolo 1 <\/strong>della Legge 21 aprile 2023, n. 49 recante &#8220;Disposizioni in materia di equo compenso delle prestazioni professionali&#8221; (Gazzetta Ufficiale 5 maggio 2023, n. 10) come la corresponsione di un compenso <strong>proporzionato<\/strong> alla quantit\u00e0 e alla qualit\u00e0 del lavoro svolto, al contenuto e alle caratteristiche delle prestazione professionale, nonch\u00e9 <strong>conforme<\/strong> ai compensi previsti:<br \/>\n<span style=\"color: initial;\">&#8211; per i professionisti iscritti agli ordini e collegi, i valori presi a riferimento sono attualmente quelli stabiliti da <\/span><a href=\"https:\/\/www.altalex.com\/documents\/leggi\/2014\/04\/05\/compensi-professionali-il-decreto-ministeriale-con-i-nuovi-parametri\"><strong>Decreto ministeriale n. 140\/2012<\/strong><\/a><span style=\"color: initial;\">, che dovranno essere comunque aggiornati<br \/>\n<\/span><span style=\"color: initial;\">&#8211; per gli avvocati: dal D.M. emanato in conformit\u00e0 alla legge forense (attualmente il <\/span><a href=\"https:\/\/www.altalex.com\/documents\/news\/2014\/04\/09\/parametri-forensi-il-decreto-attuativo-in-gazzetta\"><strong>D.M. n. 55\/2014<\/strong><\/a><span style=\"color: initial;\"> aggiornato dal <\/span><a href=\"https:\/\/www.altalex.com\/documents\/2022\/10\/10\/parametri-forensi-g-u\"><strong>D.M. n. 147\/2022<\/strong><\/a><span style=\"color: initial;\">)<br \/>\n<\/span><span style=\"color: initial;\">&#8211; per le professioni non ordinistiche dovr\u00e0 essere adottato entro 60 giorni un apposito decreto dal ministero delle imprese e del made in Italy.<\/span><\/p>\n<p>L\u2019equo compenso trova applicazione ai rapporti professionali che hanno ad oggetto la prestazione d\u2019opera intellettuale (<a href=\"https:\/\/www.gazzettaufficiale.it\/dettaglio\/codici\/codiceCivile\"><strong>art. 2230 c.c.<\/strong><\/a>)<\/p>\n<p><a href=\"https:\/\/omceoss.org\/wp\/wp-content\/uploads\/2024\/07\/COM-N-57-equo-compenso-prestazioni.pdf\">Comunicazione FNOMCeO n. 57 del 09.05.2023 &#8211; Equo compenso prestazioni<\/a><\/p>\n","protected":false},"excerpt":{"rendered":"<p>Tariffario Minimo Nazionale La materia degli Onorari professionali per le prestazioni medico chirurgiche ed odontoiatriche \u00e8&nbsp;stata oggetto di \u201cliberalizzazione\u201d ad opera del cosiddetto \u201cDecreto Bersani\u201d, Legge 248\/2006.<\/p>\n","protected":false},"author":4,"featured_media":0,"parent":205,"menu_order":0,"comment_status":"closed","ping_status":"open","template":"","meta":{"ngg_post_thumbnail":0,"footnotes":""},"tags":[],"class_list":["post-216","page","type-page","status-publish","hentry"],"_links":{"self":[{"href":"https:\/\/omceoss.org\/wp\/wp-json\/wp\/v2\/pages\/216","targetHints":{"allow":["GET"]}}],"collection":[{"href":"https:\/\/omceoss.org\/wp\/wp-json\/wp\/v2\/pages"}],"about":[{"href":"https:\/\/omceoss.org\/wp\/wp-json\/wp\/v2\/types\/page"}],"author":[{"embeddable":true,"href":"https:\/\/omceoss.org\/wp\/wp-json\/wp\/v2\/users\/4"}],"replies":[{"embeddable":true,"href":"https:\/\/omceoss.org\/wp\/wp-json\/wp\/v2\/comments?post=216"}],"version-history":[{"count":10,"href":"https:\/\/omceoss.org\/wp\/wp-json\/wp\/v2\/pages\/216\/revisions"}],"predecessor-version":[{"id":13468,"href":"https:\/\/omceoss.org\/wp\/wp-json\/wp\/v2\/pages\/216\/revisions\/13468"}],"up":[{"embeddable":true,"href":"https:\/\/omceoss.org\/wp\/wp-json\/wp\/v2\/pages\/205"}],"wp:attachment":[{"href":"https:\/\/omceoss.org\/wp\/wp-json\/wp\/v2\/media?parent=216"}],"wp:term":[{"taxonomy":"post_tag","embeddable":true,"href":"https:\/\/omceoss.org\/wp\/wp-json\/wp\/v2\/tags?post=216"}],"curies":[{"name":"wp","href":"https:\/\/api.w.org\/{rel}","templated":true}]}}